{"id":575,"date":"2024-06-14T05:30:37","date_gmt":"2024-06-14T02:30:37","guid":{"rendered":"https:\/\/1finpartner.ee\/laenud-dubl\/"},"modified":"2025-03-25T11:08:12","modified_gmt":"2025-03-25T08:08:12","slug":"arenduslaen","status":"publish","type":"page","link":"http:\/\/1finpartner.ee\/ru\/arenduslaen\/","title":{"rendered":"\u041a\u0440\u0435\u0434\u0438\u0442 \u0440\u0430\u0437\u0432\u0438\u0442\u0438\u044f"},"content":{"rendered":"<h5>\u0411\u0438\u0437\u043d\u0435\u0441 \u043a\u0440\u0435\u0434\u0438\u0442<\/h5>\n<h1>\u041a\u0440\u0435\u0434\u0438\u0442 \u0440\u0430\u0437\u0432\u0438\u0442\u0438\u044f<\/h1>\n<p>\t\t\u0420\u0435\u0444\u0438\u043d\u0430\u043d\u0441\u0438\u0440\u043e\u0432\u0430\u043d\u0438\u0435 \u043a\u0440\u0435\u0434\u0438\u0442\u0430 \u043f\u0440\u0435\u0434\u043e\u0441\u0442\u0430\u0432\u043b\u044f\u0435\u0442 \u0432\u043e\u0437\u043c\u043e\u0436\u043d\u043e\u0441\u0442\u044c \u043f\u0435\u0440\u0435\u0441\u043c\u043e\u0442\u0440\u0435\u0442\u044c \u0438 \u0441\u043a\u043e\u0440\u0440\u0435\u043a\u0442\u0438\u0440\u043e\u0432\u0430\u0442\u044c \u0443\u0441\u043b\u043e\u0432\u0438\u044f \u0432\u0430\u0448\u0435\u0433\u043e \u043a\u0440\u0435\u0434\u0438\u0442\u0430, \u043f\u043e\u0442\u0435\u043d\u0446\u0438\u0430\u043b\u044c\u043d\u043e \u0441\u043d\u0438\u0437\u0438\u0432 \u043f\u0440\u043e\u0446\u0435\u043d\u0442\u043d\u044b\u0435 \u0441\u0442\u0430\u0432\u043a\u0438 \u0438 \u0435\u0436\u0435\u043c\u0435\u0441\u044f\u0447\u043d\u044b\u0435 \u043f\u043b\u0430\u0442\u0435\u0436\u0438. \u042d\u0442\u043e\u0442 \u0441\u0442\u0440\u0430\u0442\u0435\u0433\u0438\u0447\u0435\u0441\u043a\u0438\u0439 \u0448\u0430\u0433 \u043c\u043e\u0436\u0435\u0442 \u043f\u0440\u0438\u0432\u0435\u0441\u0442\u0438 \u043a \u0437\u043d\u0430\u0447\u0438\u0442\u0435\u043b\u044c\u043d\u043e\u0439 \u044d\u043a\u043e\u043d\u043e\u043c\u0438\u0438 \u0441\u043e \u0432\u0440\u0435\u043c\u0435\u043d\u0435\u043c, \u043e\u0431\u0435\u0441\u043f\u0435\u0447\u0438\u0432\u0430\u044f \u0444\u0438\u043d\u0430\u043d\u0441\u043e\u0432\u043e\u0435 \u043e\u0431\u043b\u0435\u0433\u0447\u0435\u043d\u0438\u0435 \u0438 \u0441\u0442\u0430\u0431\u0438\u043b\u044c\u043d\u043e\u0441\u0442\u044c.<br \/>\n\t\t\t<a role=\"button\"><br \/>\n\t\t\t\t\t\t\t\t\t\u041f\u043e\u0434\u0430\u0439 \u0437\u0430\u044f\u0432\u043a\u0443<br \/>\n\t\t\t\t\t<\/a><br \/>\n\t\t\t\t\t\t\t\t\t\t\t\t\t<img fetchpriority=\"high\" decoding=\"async\" width=\"1080\" height=\"1080\" src=\"https:\/\/1finpartner.ee\/wp-content\/uploads\/2024\/11\/8.png\" alt=\"Arenduslaen 1finpartner\" srcset=\"https:\/\/1finpartner.ee\/wp-content\/uploads\/2024\/11\/8.png 1080w, https:\/\/1finpartner.ee\/wp-content\/uploads\/2024\/11\/8-300x300.png 300w, https:\/\/1finpartner.ee\/wp-content\/uploads\/2024\/11\/8-1024x1024.png 1024w, https:\/\/1finpartner.ee\/wp-content\/uploads\/2024\/11\/8-150x150.png 150w, https:\/\/1finpartner.ee\/wp-content\/uploads\/2024\/11\/8-768x768.png 768w, https:\/\/1finpartner.ee\/wp-content\/uploads\/2024\/11\/8-12x12.png 12w, https:\/\/1finpartner.ee\/wp-content\/uploads\/2024\/11\/8-650x650.png 650w\" sizes=\"(max-width: 1080px) 100vw, 1080px\" \/>\t\t\t\t\t\t\t\t\t\t\t\t\t<\/p>\n<h2>\u041a\u0440\u0435\u0434\u0438\u0442 \u0440\u0430\u0437\u0432\u0438\u0442\u0438\u044f<\/h2>\n<p>\u041d\u0430\u0448\u0438 \u043a\u0440\u0435\u0434\u0438\u0442\u044b \u043f\u043e\u0434 \u0437\u0430\u043b\u043e\u0433 \u043d\u0435\u0434\u0432\u0438\u0436\u0438\u043c\u043e\u0441\u0442\u0438 \u043f\u043e\u0434\u0445\u043e\u0434\u044f\u0442 \u043f\u0440\u0435\u0434\u043f\u0440\u0438\u044f\u0442\u0438\u044f\u043c, \u043a\u043e\u0442\u043e\u0440\u044b\u0435 \u043d\u0443\u0436\u0434\u0430\u044e\u0442\u0441\u044f \u0432 \u0438\u043d\u0434\u0438\u0432\u0438\u0434\u0443\u0430\u043b\u044c\u043d\u043e\u043c \u043f\u043e\u0434\u0445\u043e\u0434\u0435 \u043f\u0440\u0438 \u0440\u0435\u0430\u043b\u0438\u0437\u0430\u0446\u0438\u0438 \u0431\u0438\u0437\u043d\u0435\u0441 \u0438\u0434\u0435\u0439.<\/p>\n<h4>\n\t\t\t\t\t\u0421\u0443\u043c\u043c\u0430 \u043a\u0440\u0435\u0434\u0438\u0442\u0430 \u0434\u043e 5 000 000\u20ac<br \/>\n\t\t\t<\/h4>\n<h4>\n\t\t\t\t\t\u041f\u0435\u0440\u0438\u043e\u0434 \u043a\u0440\u0435\u0434\u0438\u0442\u043e\u0432\u0430\u043d\u0438\u044f \u0434\u043e 60 \u043c\u0435\u0441\u044f\u0446\u0435\u0432<br \/>\n\t\t\t<\/h4>\n<h4>\n\t\t\t\t\t\u0413\u043e\u0434\u043e\u0432\u0430\u044f \u0441\u0442\u0430\u0432\u043a\u0430 \u043d\u0430\u0447\u0438\u043d\u0430\u044f \u0441 11,0%<br \/>\n\t\t\t<\/h4>\n<h5>Miks Refinance?<\/h5>\n<h2>\u041a\u0440\u0435\u0434\u0438\u0442\u043e\u0440 \u0441 \u043c\u043d\u043e\u0433\u043e\u043b\u0435\u0442\u043d\u0438\u043c \u0441\u0442\u0430\u0436\u0435\u043c. 1100+ \u0437\u0430\u0440\u0435\u0433\u0438\u0441\u0442\u0440\u0438\u0440\u043e\u0432\u0430\u043d\u043d\u044b\u0445 \u043a\u043b\u0438\u0435\u043d\u0442\u043e\u0432<\/h2>\n<p>\u041d\u0430\u0448\u0438 \u043a\u0440\u0435\u0434\u0438\u0442\u044b \u0441 \u043f\u0440\u043e\u0437\u0440\u0430\u0447\u043d\u044b\u043c\u0438 \u0443\u0441\u043b\u043e\u0432\u0438\u044f\u043c\u0438<\/p>\n<h4>\n\t\t\t\t\t\u041d\u0438\u0437\u043a\u0438\u0439 \u0438\u043d\u0442\u0440\u0435\u0441<br \/>\n\t\t\t<\/h4>\n<p>\u041a\u0440\u0435\u0434\u0438\u0442\u044b \u043f\u043e\u0434 \u0437\u0430\u043b\u043e\u0433 \u043d\u0435\u0434\u0432\u0438\u0436\u0438\u043c\u043e\u0441\u0442\u0438. \u041e\u0442\u043f\u0443\u0441\u043a \u043f\u043e \u043f\u043b\u0430\u0442\u0435\u0436\u0430\u043c \u0434\u043e 6 \u043c\u0435\u0441\u044f\u0446\u0435\u0432<\/p>\n<h4>\n\t\t\t\t\t \u0417\u0430\u043b\u043e\u0433<br \/>\n\t\t\t<\/h4>\n<p>\u041c\u0430\u043a\u0441\u0438\u043c\u0430\u043b\u044c\u043d\u0430\u044f \u0441\u0443\u043c\u043c\u0430 \u043a\u0440\u0435\u0434\u0438\u0442\u0430 \u0434\u043e 75% \u043e\u0442 \u0441\u0442\u043e\u0438\u043c\u043e\u0441\u0442\u0438 \u043d\u0435\u0434\u0432\u0438\u0436\u0438\u043c\u043e\u0441\u0442\u0438<\/p>\n<h4>\n\t\t\t\t\t\u0420\u0435\u0444\u0438\u043d\u0430\u043d\u0441\u0438\u0440\u043e\u0432\u0430\u043d\u0438\u0435<br \/>\n\t\t\t<\/h4>\n<p>\u041f\u0440\u0435\u043a\u0440\u0430\u0441\u043d\u0430\u044f \u0432\u043e\u0437\u043c\u043e\u0436\u043d\u043e\u0441\u0442\u044c \u043f\u043e\u043d\u0438\u0437\u0438\u0442\u044c \u043a\u0440\u0435\u0434\u0438\u0442\u043d\u0443\u044e \u043d\u0430\u0433\u0440\u0443\u0437\u043a\u0443<\/p>\n<h4>\n\t\t\t\t\t\u0418\u043f\u043e\u0442\u0435\u043a\u0430 II \u0441\u0442\u0443\u043f\u0435\u043d\u0438<br \/>\n\t\t\t<\/h4>\n<p>\u0412 \u043a\u0430\u0447\u0435\u0441\u0442\u0432\u0435 \u0437\u0430\u043b\u043e\u0433\u0430 \u043f\u043e\u0434\u043e\u0439\u0434\u0451\u0442 \u0432\u0442\u043e\u0440\u0430\u044f \u0438\u043f\u043e\u0442\u0435\u043a\u0430<\/p>\n<h2>\u0411\u0443\u0434\u044c \u0432 \u043a\u0443\u0440\u0441\u0435 \u043d\u0430\u0448\u0438\u0445 \u043d\u043e\u0432\u043e\u0441\u0442\u0435\u0439<\/h2>\n<p>\u041d\u043e\u0432\u043e\u0441\u0442\u0438, \u043e\u0441\u043e\u0431\u044b\u0435 \u043f\u0440\u0435\u0434\u043b\u043e\u0436\u0435\u043d\u0438\u044f \u0438 \u0432\u0430\u0436\u043d\u044b\u0435 \u0438\u0437\u043c\u0435\u043d\u0435\u043d\u0438\u044f<\/p>\n<form action=\"https:\/\/1finpartner.ee\/wp-admin\/admin-ajax.php\" bdt-grid data-trp-original-action=\"https:\/\/1finpartner.ee\/wp-admin\/admin-ajax.php\">\n\t\t\t\t\t<input type=\"email\" name=\"email\" placeholder=\"\u0412\u0430\u0448 \u044d-\u043c\u0430\u0438\u043b \u0430\u0434\u0440\u0435\u0441\" required \/><br \/>\n\t\t\t\t\t<input type=\"hidden\" name=\"action\" value=\"element_pack_mailchimp_subscribe\" \/><br \/>\n\t\t\t\t\t<input type=\"hidden\" name=\"bdt-sf-bdt-mailchimp-52cd471\" value=\"true\" \/><br \/>\n\t\t\t\t\t<!-- we need action parameter to receive ajax request in WordPress --><br \/>\n\t\t\t\t\t<button type=\"submit\"><br \/>\n\t\t\t\t\t\t\u041f\u043e\u0434\u043f\u0438\u0441\u0430\u0442\u044c\u0441\u044f<br \/>\n\t\t\t\t\t\t<\/button><br \/>\n\t\t\t<input type=\"hidden\" name=\"trp-form-language\" value=\"ru\"\/><\/form>\n<p>\t\t\t<!-- after text --><br \/>\n\t\t<!-- end newsletter-signup --><\/p>","protected":false},"excerpt":{"rendered":"<p>\u00c4rilaen Arenduslaen Arendajalaenud on m\u00f5eldud spetsiaalselt kinnisvaraarendajatele, h\u00f5lbustades uute projektide v\u00f5i \u00fcmberarenduste rahastamist. Need laenud on h\u00e4davajalikud visioonide muutmiseks k\u00e4egakatsutavateks varadeks, toetades [&hellip;]<\/p>","protected":false},"author":1,"featured_media":0,"parent":0,"menu_order":0,"comment_status":"closed","ping_status":"closed","template":"","meta":{"_acf_changed":false,"_seopress_robots_primary_cat":"","_seopress_titles_title":"","_seopress_titles_desc":"","_seopress_robots_index":"","footnotes":""},"class_list":["post-575","page","type-page","status-publish","hentry"],"acf":[],"_links":{"self":[{"href":"http:\/\/1finpartner.ee\/ru\/wp-json\/wp\/v2\/pages\/575"}],"collection":[{"href":"http:\/\/1finpartner.ee\/ru\/wp-json\/wp\/v2\/pages"}],"about":[{"href":"http:\/\/1finpartner.ee\/ru\/wp-json\/wp\/v2\/types\/page"}],"author":[{"embeddable":true,"href":"http:\/\/1finpartner.ee\/ru\/wp-json\/wp\/v2\/users\/1"}],"replies":[{"embeddable":true,"href":"http:\/\/1finpartner.ee\/ru\/wp-json\/wp\/v2\/comments?post=575"}],"version-history":[{"count":16,"href":"http:\/\/1finpartner.ee\/ru\/wp-json\/wp\/v2\/pages\/575\/revisions"}],"predecessor-version":[{"id":878,"href":"http:\/\/1finpartner.ee\/ru\/wp-json\/wp\/v2\/pages\/575\/revisions\/878"}],"wp:attachment":[{"href":"http:\/\/1finpartner.ee\/ru\/wp-json\/wp\/v2\/media?parent=575"}],"curies":[{"name":"wp","href":"https:\/\/api.w.org\/{rel}","templated":true}]}}